{"id":761,"date":"2020-11-29T16:09:57","date_gmt":"2020-11-29T15:09:57","guid":{"rendered":"http:\/\/vcdbtournai.be\/?page_id=761"},"modified":"2026-04-09T21:06:28","modified_gmt":"2026-04-09T19:06:28","slug":"inscriptions-2025","status":"publish","type":"page","link":"https:\/\/vcdbtournai.be\/index.php\/inscriptions-2025\/","title":{"rendered":"Inscriptions 2026"},"content":{"rendered":"\n<p>Vous l&rsquo;attendiez depuis longtemps, retrouvez ci-dessous le formulaire d&rsquo;inscription 2026<\/p>\n\n\n\n<p>Rendez-vous les 9 &amp; 10 mai 2026.  <\/p>\n\n\n\n<p>On ne sait malheureusement pas pousser les murs du hall sportif&#8230; Les inscriptions progressent, ne tardez pas \u00e0 inscrire votre \u00e9quipe ! Il n&rsquo;est malheureusement plus possible de vous inscrire en cat\u00e9gorie \u00ab\u00a0Amateurs\u00a0\u00bb, celle-ci est compl\u00e8te mais nous laissons une liste d&rsquo;attente ouverte en cas de d\u00e9sistement.<\/p>\n\n\n\n<p>Vous n&rsquo;\u00eates pas inscrits ? Vous n&rsquo;avez pas constitu\u00e9 d&rsquo;\u00e9quipe ? Qu&rsquo;\u00e0 cela ne tienne, venez prendre un verre ou encourager les \u00e9quipes sur place. Et si vous avez pens\u00e9 \u00e0 prendre une paire de baskets et une tenue de sport, certaines \u00e9quipes seront contentes d&rsquo;accueillir des joueurs \u00ab\u00a0renforts\u00a0\u00bb<\/p>\n\n\n\n<div class=\"wp-block-contact-form-7-contact-form-selector\">\n<div class=\"wpcf7 no-js\" id=\"wpcf7-f1242-o1\" lang=\"fr-FR\" dir=\"ltr\">\n<div class=\"screen-reader-response\"><p role=\"status\" aria-live=\"polite\" aria-atomic=\"true\"><\/p> <ul><\/ul><\/div>\n<form action=\"\/index.php\/wp-json\/wp\/v2\/pages\/761#wpcf7-f1242-o1\" method=\"post\" class=\"wpcf7-form init\" aria-label=\"Formulaire de contact\" novalidate=\"novalidate\" data-status=\"init\">\n<div style=\"display: none;\">\n<input type=\"hidden\" name=\"_wpcf7\" value=\"1242\" \/>\n<input type=\"hidden\" name=\"_wpcf7_version\" value=\"5.7.4\" \/>\n<input type=\"hidden\" name=\"_wpcf7_locale\" value=\"fr_FR\" \/>\n<input type=\"hidden\" name=\"_wpcf7_unit_tag\" value=\"wpcf7-f1242-o1\" \/>\n<input type=\"hidden\" name=\"_wpcf7_container_post\" value=\"0\" \/>\n<input type=\"hidden\" name=\"_wpcf7_posted_data_hash\" value=\"\" \/>\n<input type=\"hidden\" name=\"_wpcf7_recaptcha_response\" value=\"\" \/>\n<\/div>\n<p>Nom<br \/>\n<span class=\"wpcf7-form-control-wrap\" data-name=\"text-527\"><input size=\"40\" class=\"wpcf7-form-control wpcf7-text wpcf7-validates-as-required\" aria-required=\"true\" aria-invalid=\"false\" value=\"\" type=\"text\" name=\"text-527\" \/><\/span><br \/>\nPr\u00e9nom<br \/>\n<span class=\"wpcf7-form-control-wrap\" data-name=\"text-529\"><input size=\"40\" class=\"wpcf7-form-control wpcf7-text wpcf7-validates-as-required\" aria-required=\"true\" aria-invalid=\"false\" value=\"\" type=\"text\" name=\"text-529\" \/><\/span><br \/>\nAdresse mail<br \/>\n<span class=\"wpcf7-form-control-wrap\" data-name=\"email-960\"><input size=\"40\" class=\"wpcf7-form-control wpcf7-text wpcf7-email wpcf7-validates-as-required wpcf7-validates-as-email\" aria-required=\"true\" aria-invalid=\"false\" value=\"\" type=\"email\" name=\"email-960\" \/><\/span><br \/>\nNum\u00e9ro de t\u00e9l\u00e9phone<br \/>\n<span class=\"wpcf7-form-control-wrap\" data-name=\"tel-359\"><input size=\"40\" class=\"wpcf7-form-control wpcf7-text wpcf7-tel wpcf7-validates-as-required wpcf7-validates-as-tel\" aria-required=\"true\" aria-invalid=\"false\" value=\"\" type=\"tel\" name=\"tel-359\" \/><\/span><br \/>\nNom de l'\u00e9quipe<br \/>\n<span class=\"wpcf7-form-control-wrap\" data-name=\"text-926\"><input size=\"40\" class=\"wpcf7-form-control wpcf7-text wpcf7-validates-as-required\" aria-required=\"true\" aria-invalid=\"false\" value=\"\" type=\"text\" name=\"text-926\" \/><\/span><br \/>\nCat\u00e9gorie choisie<br \/>\n<span class=\"wpcf7-form-control-wrap\" data-name=\"menu-307\"><select class=\"wpcf7-form-control wpcf7-select\" aria-invalid=\"false\" name=\"menu-307\"><option value=\"Confirm\u00e9s\">Confirm\u00e9s<\/option><option value=\"Amateurs, c&#039;est complet mais possibilit\u00e9 de vous inscrire sur liste attente\">Amateurs, c&#039;est complet mais possibilit\u00e9 de vous inscrire sur liste attente<\/option><\/select><\/span><br \/>\nNombre de joueurs (2 \u00e0 8 max)<br \/>\n<span class=\"wpcf7-form-control-wrap\" data-name=\"number-531\"><input class=\"wpcf7-form-control wpcf7-number wpcf7-validates-as-required wpcf7-validates-as-number\" min=\"2\" max=\"8\" aria-required=\"true\" aria-invalid=\"false\" value=\"\" type=\"number\" name=\"number-531\" \/><\/span>\n<\/p>\n<p>Merci de communiquer les tailles de t-shirt souhait\u00e9es et le nombre<br \/>\nXS <span class=\"wpcf7-form-control-wrap\" data-name=\"number-667\"><input class=\"wpcf7-form-control wpcf7-number wpcf7-validates-as-number\" min=\"0\" max=\"8\" aria-invalid=\"false\" value=\"\" type=\"number\" name=\"number-667\" \/><\/span><br \/>\nS <span class=\"wpcf7-form-control-wrap\" data-name=\"number-676\"><input class=\"wpcf7-form-control wpcf7-number wpcf7-validates-as-number\" min=\"0\" max=\"8\" aria-invalid=\"false\" value=\"\" type=\"number\" name=\"number-676\" \/><\/span><br \/>\nM <span class=\"wpcf7-form-control-wrap\" data-name=\"number-677\"><input class=\"wpcf7-form-control wpcf7-number wpcf7-validates-as-number\" min=\"0\" max=\"8\" aria-invalid=\"false\" value=\"\" type=\"number\" name=\"number-677\" \/><\/span><br \/>\nL <span class=\"wpcf7-form-control-wrap\" data-name=\"number-678\"><input class=\"wpcf7-form-control wpcf7-number wpcf7-validates-as-number\" min=\"0\" max=\"8\" aria-invalid=\"false\" value=\"\" type=\"number\" name=\"number-678\" \/><\/span><br \/>\nXL <span class=\"wpcf7-form-control-wrap\" data-name=\"number-679\"><input class=\"wpcf7-form-control wpcf7-number wpcf7-validates-as-number\" min=\"0\" max=\"8\" aria-invalid=\"false\" value=\"\" type=\"number\" name=\"number-679\" \/><\/span><br \/>\nXXL <span class=\"wpcf7-form-control-wrap\" data-name=\"number-680\"><input class=\"wpcf7-form-control wpcf7-number wpcf7-validates-as-number\" min=\"0\" max=\"8\" aria-invalid=\"false\" value=\"\" type=\"number\" name=\"number-680\" \/><\/span><br \/>\nXXXL<span class=\"wpcf7-form-control-wrap\" data-name=\"number-681\"><input class=\"wpcf7-form-control wpcf7-number wpcf7-validates-as-number\" min=\"0\" max=\"8\" aria-invalid=\"false\" value=\"\" type=\"number\" name=\"number-681\" \/><\/span><br \/>\nAttention le nombre total ne devra pas d\u00e9passer le nombre de joueurs renseign\u00e9 dans ce formulaire d'inscription.\n<\/p>\n<p>Vous souhaitez nous communiquer une info ?<br \/>\n<span class=\"wpcf7-form-control-wrap\" data-name=\"textarea-61\"><textarea cols=\"40\" rows=\"10\" class=\"wpcf7-form-control wpcf7-textarea\" aria-invalid=\"false\" name=\"textarea-61\"><\/textarea><\/span>\n<\/p>\n<p>Ce formulaire utilise Akismet pour r\u00e9duire le courrier ind\u00e9sirable. <a target=\"_blank\" rel=\"nofollow noopener\" href=\"https:\/\/akismet.com\/privacy\/\">D\u00e9couvrez comment vos donn\u00e9es sont trait\u00e9es.<\/a><br \/>\n<input class=\"wpcf7-form-control has-spinner wpcf7-submit\" type=\"submit\" value=\"Envoyer\" \/>\n<\/p><p style=\"display: none !important;\"><label>&#916;<textarea name=\"_wpcf7_ak_hp_textarea\" cols=\"45\" rows=\"8\" maxlength=\"100\"><\/textarea><\/label><input type=\"hidden\" id=\"ak_js_1\" name=\"_wpcf7_ak_js\" value=\"117\"\/><script>document.getElementById( \"ak_js_1\" ).setAttribute( \"value\", ( new Date() ).getTime() );<\/script><\/p><div class=\"wpcf7-response-output\" aria-hidden=\"true\"><\/div>\n<\/form>\n<\/div>\n<\/div>\n\n\n\n<p><\/p>\n","protected":false},"excerpt":{"rendered":"<p>Vous l&rsquo;attendiez depuis longtemps, retrouvez ci-dessous le formulaire d&rsquo;inscription 2026 Rendez-vous les 9 &amp; 10 mai 2026. On ne sait malheureusement pas pousser les murs du hall sportif&#8230; Les inscriptions [&hellip;]<\/p>\n","protected":false},"author":1,"featured_media":0,"parent":0,"menu_order":0,"comment_status":"closed","ping_status":"closed","template":"","meta":{"footnotes":""},"class_list":["post-761","page","type-page","status-publish","hentry"],"_links":{"self":[{"href":"https:\/\/vcdbtournai.be\/index.php\/wp-json\/wp\/v2\/pages\/761","targetHints":{"allow":["GET"]}}],"collection":[{"href":"https:\/\/vcdbtournai.be\/index.php\/wp-json\/wp\/v2\/pages"}],"about":[{"href":"https:\/\/vcdbtournai.be\/index.php\/wp-json\/wp\/v2\/types\/page"}],"author":[{"embeddable":true,"href":"https:\/\/vcdbtournai.be\/index.php\/wp-json\/wp\/v2\/users\/1"}],"replies":[{"embeddable":true,"href":"https:\/\/vcdbtournai.be\/index.php\/wp-json\/wp\/v2\/comments?post=761"}],"version-history":[{"count":38,"href":"https:\/\/vcdbtournai.be\/index.php\/wp-json\/wp\/v2\/pages\/761\/revisions"}],"predecessor-version":[{"id":1729,"href":"https:\/\/vcdbtournai.be\/index.php\/wp-json\/wp\/v2\/pages\/761\/revisions\/1729"}],"wp:attachment":[{"href":"https:\/\/vcdbtournai.be\/index.php\/wp-json\/wp\/v2\/media?parent=761"}],"curies":[{"name":"wp","href":"https:\/\/api.w.org\/{rel}","templated":true}]}}