{"id":756,"date":"2020-11-29T15:59:05","date_gmt":"2020-11-29T14:59:05","guid":{"rendered":"http:\/\/vcdbtournai.be\/?page_id=756"},"modified":"2023-09-20T11:48:20","modified_gmt":"2023-09-20T09:48:20","slug":"24h-nos-editions-precedentes","status":"publish","type":"page","link":"https:\/\/vcdbtournai.be\/index.php\/24h-nos-editions-precedentes\/","title":{"rendered":"24h : Nos \u00e9ditions pr\u00e9c\u00e9dentes"},"content":{"rendered":"\n<p>En 2020 nous publiions ceci sur notre site.  Depuis les choses sont revenues \u00e0 la normale. <\/p>\n\n\n\n<p>Notre tournoi des 24h de volley-ball de Tournai existe depuis 35 ann\u00e9es.  Nous aurions d\u00fb f\u00eater cette 35\u00e8me \u00e9dition en mai 2020, malheureusement les mesures sanitaires en vigueur ne nous ont pas permis d&rsquo;organiser celle-ci.  Ce n&rsquo;est que partie remise.  Nous esp\u00e9rons que cette 35\u00e8me \u00e9dition pourra se tenir lors de cette saison 2020-2021.<\/p>\n\n\n\n<p>En attendant notre nouvelle \u00e9dition, nous vous proposons un petit flash back sur nos \u00e9ditions pr\u00e9c\u00e9dentes.<\/p>\n\n\n\n<figure class=\"wp-block-embed is-type-video is-provider-youtube wp-block-embed-youtube wp-embed-aspect-16-9 wp-has-aspect-ratio\"><div class=\"wp-block-embed__wrapper\">\n<iframe loading=\"lazy\" title=\"Teaser 24h volley-ball VCDB Tournai\" width=\"640\" height=\"360\" src=\"https:\/\/www.youtube.com\/embed\/QfGJn-kcLjQ?start=54&#038;feature=oembed\" frameborder=\"0\" allow=\"accelerometer; autoplay; clipboard-write; encrypted-media; gyroscope; picture-in-picture; web-share\" referrerpolicy=\"strict-origin-when-cross-origin\" allowfullscreen><\/iframe>\n<\/div><figcaption class=\"wp-element-caption\">                       Vid\u00e9o promo 2020 pastiche de la vid\u00e9o promo du beach volley du VBC Waremme.                                           Si vous souhaitez voir la vid\u00e9o \u00ab\u00a0mod\u00e8le c&rsquo;est i<a href=\"https:\/\/www.facebook.com\/647925671938104\/posts\/2907000246030624\/\">ICI<\/a><\/figcaption><\/figure>\n\n\n\n<div class=\"wp-block-group\"><div class=\"wp-block-group__inner-container is-layout-flow wp-block-group-is-layout-flow\"><\/div><\/div>\n","protected":false},"excerpt":{"rendered":"<p>En 2020 nous publiions ceci sur notre site. Depuis les choses sont revenues \u00e0 la normale. Notre tournoi des 24h de volley-ball de Tournai existe depuis 35 ann\u00e9es. Nous aurions [&hellip;]<\/p>\n","protected":false},"author":1,"featured_media":0,"parent":0,"menu_order":0,"comment_status":"closed","ping_status":"closed","template":"","meta":{"footnotes":""},"class_list":["post-756","page","type-page","status-publish","hentry"],"_links":{"self":[{"href":"https:\/\/vcdbtournai.be\/index.php\/wp-json\/wp\/v2\/pages\/756","targetHints":{"allow":["GET"]}}],"collection":[{"href":"https:\/\/vcdbtournai.be\/index.php\/wp-json\/wp\/v2\/pages"}],"about":[{"href":"https:\/\/vcdbtournai.be\/index.php\/wp-json\/wp\/v2\/types\/page"}],"author":[{"embeddable":true,"href":"https:\/\/vcdbtournai.be\/index.php\/wp-json\/wp\/v2\/users\/1"}],"replies":[{"embeddable":true,"href":"https:\/\/vcdbtournai.be\/index.php\/wp-json\/wp\/v2\/comments?post=756"}],"version-history":[{"count":4,"href":"https:\/\/vcdbtournai.be\/index.php\/wp-json\/wp\/v2\/pages\/756\/revisions"}],"predecessor-version":[{"id":1346,"href":"https:\/\/vcdbtournai.be\/index.php\/wp-json\/wp\/v2\/pages\/756\/revisions\/1346"}],"wp:attachment":[{"href":"https:\/\/vcdbtournai.be\/index.php\/wp-json\/wp\/v2\/media?parent=756"}],"curies":[{"name":"wp","href":"https:\/\/api.w.org\/{rel}","templated":true}]}}