{"id":691,"date":"2020-11-29T12:40:58","date_gmt":"2020-11-29T11:40:58","guid":{"rendered":"http:\/\/vcdbtournai.be\/?page_id=691"},"modified":"2020-12-03T12:45:57","modified_gmt":"2020-12-03T11:45:57","slug":"provinciale-2-messieurs","status":"publish","type":"page","link":"https:\/\/vcdbtournai.be\/index.php\/provinciale-2-messieurs\/","title":{"rendered":"Provinciale 2 Messieurs"},"content":{"rendered":"\n<p><strong>Entraineur et coach : Corentin Debliquy<\/strong><\/p>\n\n\n\n<blockquote class=\"wp-block-quote is-layout-flow wp-block-quote-is-layout-flow\"><p>Salut \u00e0 tous, <\/p><p>L&rsquo;\u00e9quipe P2 messieurs regroupe des joueurs en pleine progression et constitue l&rsquo;\u00e9quipe \u00ab\u00a0fanion\u00a0\u00bb du club. Depuis quelques ann\u00e9es maintenant, le noyau fondateur a vu de nouveaux joueurs venir se greffer pour \u00e9toffer ce dernier et accro\u00eetre la concurrence. <\/p><p>Bien que tr\u00e8s motiv\u00e9e par la comp\u00e9tition, cette \u00e9quipe est avant tout constitu\u00e9e d&rsquo;amis dont le but premier est l&rsquo;amusement et la coh\u00e9sion. <\/p><p>Depuis deux ans, l&rsquo;\u00e9quipe \u00e9volue en deuxi\u00e8me provinciale. L&rsquo;objectif principal est de jouer match par match, sans aucune pression. <\/p><p>Les entra\u00eenements sont essentiellement destin\u00e9s au d\u00e9veloppement et \u00e0 l&rsquo;am\u00e9lioration des techniques et tactiques de jeu pour que chacun puisse s&rsquo;\u00e9panouir dans un cadre sportif amical, mais rigoureux. <\/p><\/blockquote>\n\n\n\n<p>Pour l&rsquo;\u00e9quipe P2M de Don Bosco, Corentin<\/p>\n\n\n\n<p><\/p>\n\n\n\n<figure class=\"wp-block-gallery columns-3 is-cropped wp-block-gallery-1 is-layout-flex wp-block-gallery-is-layout-flex\"><ul class=\"blocks-gallery-grid\"><li class=\"blocks-gallery-item\"><figure><img decoding=\"async\" src=\"http:\/\/vcdbtournai.be\/wp-content\/uploads\/2020\/11\/positions-volleyball-player_33070-4046-5.jpg\" alt=\"\" data-id=\"712\" data-full-url=\"http:\/\/vcdbtournai.be\/wp-content\/uploads\/2020\/11\/positions-volleyball-player_33070-4046-5.jpg\" data-link=\"http:\/\/vcdbtournai.be\/positions-volleyball-player_33070-4046-6\/\" class=\"wp-image-712\"\/><figcaption class=\"blocks-gallery-item__caption\">BERTON Jonathan <br>Central &#8211; N\u00b01<\/figcaption><\/figure><\/li><li class=\"blocks-gallery-item\"><figure><img decoding=\"async\" src=\"http:\/\/vcdbtournai.be\/wp-content\/uploads\/2020\/11\/positions-du-joueur-volleyball_33070-4045-6.jpg\" alt=\"\" data-id=\"713\" data-full-url=\"http:\/\/vcdbtournai.be\/wp-content\/uploads\/2020\/11\/positions-du-joueur-volleyball_33070-4045-6.jpg\" data-link=\"http:\/\/vcdbtournai.be\/positions-du-joueur-volleyball_33070-4045-7\/\" class=\"wp-image-713\"\/><figcaption class=\"blocks-gallery-item__caption\">CARRIERE Louis<br>Attaquant<\/figcaption><\/figure><\/li><li class=\"blocks-gallery-item\"><figure><img decoding=\"async\" src=\"http:\/\/vcdbtournai.be\/wp-content\/uploads\/2020\/11\/drole-petit-garcon-jouant-au-volleyball_253263-137-6.jpg\" alt=\"\" data-id=\"711\" data-full-url=\"http:\/\/vcdbtournai.be\/wp-content\/uploads\/2020\/11\/drole-petit-garcon-jouant-au-volleyball_253263-137-6.jpg\" data-link=\"http:\/\/vcdbtournai.be\/drole-petit-garcon-jouant-au-volleyball_253263-137-7\/\" class=\"wp-image-711\"\/><figcaption class=\"blocks-gallery-item__caption\">CUVELIER Martin <br>Attaquant &#8211; N\u00b05<\/figcaption><\/figure><\/li><li class=\"blocks-gallery-item\"><figure><img decoding=\"async\" src=\"http:\/\/vcdbtournai.be\/wp-content\/uploads\/2020\/11\/positions-volleyball-player_33070-4046-2.jpg\" alt=\"\" data-id=\"702\" data-full-url=\"http:\/\/vcdbtournai.be\/wp-content\/uploads\/2020\/11\/positions-volleyball-player_33070-4046-2.jpg\" data-link=\"http:\/\/vcdbtournai.be\/positions-volleyball-player_33070-4046-3\/\" class=\"wp-image-702\"\/><figcaption class=\"blocks-gallery-item__caption\">DARDENNE Julien<br>Opposit &#8211; N\u00b09<\/figcaption><\/figure><\/li><li class=\"blocks-gallery-item\"><figure><img decoding=\"async\" src=\"http:\/\/vcdbtournai.be\/wp-content\/uploads\/2020\/11\/drole-petit-garcon-jouant-au-volleyball_253263-137-3.jpg\" alt=\"\" data-id=\"704\" data-full-url=\"http:\/\/vcdbtournai.be\/wp-content\/uploads\/2020\/11\/drole-petit-garcon-jouant-au-volleyball_253263-137-3.jpg\" data-link=\"http:\/\/vcdbtournai.be\/drole-petit-garcon-jouant-au-volleyball_253263-137-4\/\" class=\"wp-image-704\"\/><figcaption class=\"blocks-gallery-item__caption\">DEBLIQUY Corentin <br>Lib\u00e9ro<\/figcaption><\/figure><\/li><li class=\"blocks-gallery-item\"><figure><img decoding=\"async\" src=\"http:\/\/vcdbtournai.be\/wp-content\/uploads\/2020\/11\/positions-du-joueur-volleyball_33070-4045-3.jpg\" alt=\"\" data-id=\"703\" data-full-url=\"http:\/\/vcdbtournai.be\/wp-content\/uploads\/2020\/11\/positions-du-joueur-volleyball_33070-4045-3.jpg\" data-link=\"http:\/\/vcdbtournai.be\/positions-du-joueur-volleyball_33070-4045-4\/\" class=\"wp-image-703\"\/><figcaption class=\"blocks-gallery-item__caption\">DEHAESE Mathis  <br>Passeur &#8211; N\u00b012<\/figcaption><\/figure><\/li><li class=\"blocks-gallery-item\"><figure><img decoding=\"async\" src=\"http:\/\/vcdbtournai.be\/wp-content\/uploads\/2020\/11\/drole-petit-garcon-jouant-au-volleyball_253263-137-2.jpg\" alt=\"\" data-id=\"701\" data-full-url=\"http:\/\/vcdbtournai.be\/wp-content\/uploads\/2020\/11\/drole-petit-garcon-jouant-au-volleyball_253263-137-2.jpg\" data-link=\"http:\/\/vcdbtournai.be\/drole-petit-garcon-jouant-au-volleyball_253263-137-3\/\" class=\"wp-image-701\"\/><figcaption class=\"blocks-gallery-item__caption\">DESTREE Eric <br>Central &#8211; N\u00b06<\/figcaption><\/figure><\/li><li class=\"blocks-gallery-item\"><figure><img decoding=\"async\" src=\"http:\/\/vcdbtournai.be\/wp-content\/uploads\/2020\/11\/positions-du-joueur-volleyball_33070-4045-5.jpg\" alt=\"\" data-id=\"710\" data-full-url=\"http:\/\/vcdbtournai.be\/wp-content\/uploads\/2020\/11\/positions-du-joueur-volleyball_33070-4045-5.jpg\" data-link=\"http:\/\/vcdbtournai.be\/positions-du-joueur-volleyball_33070-4045-6\/\" class=\"wp-image-710\"\/><figcaption class=\"blocks-gallery-item__caption\">DOHEN Romain <br>Opposit<\/figcaption><\/figure><\/li><li class=\"blocks-gallery-item\"><figure><img decoding=\"async\" src=\"http:\/\/vcdbtournai.be\/wp-content\/uploads\/2020\/11\/positions-volleyball-player_33070-4046.jpg\" alt=\"\" data-id=\"694\" data-full-url=\"http:\/\/vcdbtournai.be\/wp-content\/uploads\/2020\/11\/positions-volleyball-player_33070-4046.jpg\" data-link=\"http:\/\/vcdbtournai.be\/positions-volleyball-player_33070-4046\/\" class=\"wp-image-694\"\/><figcaption class=\"blocks-gallery-item__caption\">DROULEZ Thomas <br>Central &#8211; N\u00b010<\/figcaption><\/figure><\/li><li class=\"blocks-gallery-item\"><figure><img decoding=\"async\" src=\"http:\/\/vcdbtournai.be\/wp-content\/uploads\/2020\/11\/positions-du-joueur-volleyball_33070-4045.jpg\" alt=\"\" data-id=\"695\" data-full-url=\"http:\/\/vcdbtournai.be\/wp-content\/uploads\/2020\/11\/positions-du-joueur-volleyball_33070-4045.jpg\" data-link=\"http:\/\/vcdbtournai.be\/positions-du-joueur-volleyball_33070-4045\/\" class=\"wp-image-695\"\/><figcaption class=\"blocks-gallery-item__caption\">DURENNE Martin<br>Attaquant &#8211; N\u00b03<\/figcaption><\/figure><\/li><li class=\"blocks-gallery-item\"><figure><img decoding=\"async\" src=\"http:\/\/vcdbtournai.be\/wp-content\/uploads\/2020\/11\/positions-volleyball-player_33070-4046-4.jpg\" alt=\"\" data-id=\"709\" data-full-url=\"http:\/\/vcdbtournai.be\/wp-content\/uploads\/2020\/11\/positions-volleyball-player_33070-4046-4.jpg\" data-link=\"http:\/\/vcdbtournai.be\/positions-volleyball-player_33070-4046-5\/\" class=\"wp-image-709\"\/><figcaption class=\"blocks-gallery-item__caption\">LECLERCQ Cl\u00e9ment<br>Passeur &#8211; N\u00b02<\/figcaption><\/figure><\/li><li class=\"blocks-gallery-item\"><figure><img decoding=\"async\" src=\"http:\/\/vcdbtournai.be\/wp-content\/uploads\/2020\/11\/drole-petit-garcon-jouant-au-volleyball_253263-137-4.jpg\" alt=\"\" data-id=\"707\" data-full-url=\"http:\/\/vcdbtournai.be\/wp-content\/uploads\/2020\/11\/drole-petit-garcon-jouant-au-volleyball_253263-137-4.jpg\" data-link=\"http:\/\/vcdbtournai.be\/drole-petit-garcon-jouant-au-volleyball_253263-137-5\/\" class=\"wp-image-707\"\/><figcaption class=\"blocks-gallery-item__caption\">MACHUT Antony <br>Attaquant<\/figcaption><\/figure><\/li><li class=\"blocks-gallery-item\"><figure><img decoding=\"async\" src=\"http:\/\/vcdbtournai.be\/wp-content\/uploads\/2020\/11\/positions-du-joueur-volleyball_33070-4045-4.jpg\" alt=\"\" data-id=\"706\" data-full-url=\"http:\/\/vcdbtournai.be\/wp-content\/uploads\/2020\/11\/positions-du-joueur-volleyball_33070-4045-4.jpg\" data-link=\"http:\/\/vcdbtournai.be\/positions-du-joueur-volleyball_33070-4045-5\/\" class=\"wp-image-706\"\/><figcaption class=\"blocks-gallery-item__caption\">MINET Christopher <br>Attaquant &#8211; N\u00b07<\/figcaption><\/figure><\/li><li class=\"blocks-gallery-item\"><figure><img decoding=\"async\" src=\"http:\/\/vcdbtournai.be\/wp-content\/uploads\/2020\/11\/positions-volleyball-player_33070-4046-3.jpg\" alt=\"\" data-id=\"705\" data-full-url=\"http:\/\/vcdbtournai.be\/wp-content\/uploads\/2020\/11\/positions-volleyball-player_33070-4046-3.jpg\" data-link=\"http:\/\/vcdbtournai.be\/positions-volleyball-player_33070-4046-4\/\" class=\"wp-image-705\"\/><figcaption class=\"blocks-gallery-item__caption\">RIBEIRO LOBO Bruno <br>Passeur<\/figcaption><\/figure><\/li><li class=\"blocks-gallery-item\"><figure><img decoding=\"async\" src=\"http:\/\/vcdbtournai.be\/wp-content\/uploads\/2020\/11\/drole-petit-garcon-jouant-au-volleyball_253263-137.jpg\" alt=\"\" data-id=\"693\" data-full-url=\"http:\/\/vcdbtournai.be\/wp-content\/uploads\/2020\/11\/drole-petit-garcon-jouant-au-volleyball_253263-137.jpg\" data-link=\"http:\/\/vcdbtournai.be\/drole-petit-garcon-jouant-au-volleyball_253263-137\/\" class=\"wp-image-693\"\/><figcaption class=\"blocks-gallery-item__caption\">TURPIN Gr\u00e9goire <br>Lib\u00e9ro &#8211; N\u00b017<\/figcaption><\/figure><\/li><li class=\"blocks-gallery-item\"><figure><img decoding=\"async\" src=\"http:\/\/vcdbtournai.be\/wp-content\/uploads\/2020\/11\/drole-petit-garcon-jouant-au-volleyball_253263-137-1.jpg\" alt=\"\" data-id=\"698\" data-full-url=\"http:\/\/vcdbtournai.be\/wp-content\/uploads\/2020\/11\/drole-petit-garcon-jouant-au-volleyball_253263-137-1.jpg\" data-link=\"http:\/\/vcdbtournai.be\/drole-petit-garcon-jouant-au-volleyball_253263-137-2\/\" class=\"wp-image-698\"\/><figcaption class=\"blocks-gallery-item__caption\">VALLAEYS Korantin<br>Central &#8211; N\u00b011<\/figcaption><\/figure><\/li><li class=\"blocks-gallery-item\"><figure><img decoding=\"async\" src=\"http:\/\/vcdbtournai.be\/wp-content\/uploads\/2020\/11\/positions-volleyball-player_33070-4046-1.jpg\" alt=\"\" data-id=\"699\" data-full-url=\"http:\/\/vcdbtournai.be\/wp-content\/uploads\/2020\/11\/positions-volleyball-player_33070-4046-1.jpg\" data-link=\"http:\/\/vcdbtournai.be\/positions-volleyball-player_33070-4046-2\/\" class=\"wp-image-699\"\/><figcaption class=\"blocks-gallery-item__caption\">VAN DER BRUGGEN Geoffrey<\/figcaption><\/figure><\/li><li class=\"blocks-gallery-item\"><figure><img decoding=\"async\" src=\"http:\/\/vcdbtournai.be\/wp-content\/uploads\/2020\/11\/positions-du-joueur-volleyball_33070-4045-1.jpg\" alt=\"\" data-id=\"697\" data-full-url=\"http:\/\/vcdbtournai.be\/wp-content\/uploads\/2020\/11\/positions-du-joueur-volleyball_33070-4045-1.jpg\" data-link=\"http:\/\/vcdbtournai.be\/positions-du-joueur-volleyball_33070-4045-2\/\" class=\"wp-image-697\"\/><figcaption class=\"blocks-gallery-item__caption\">WAERENBURGH Xavier Attaquant &#8211; N\u00b012<\/figcaption><\/figure><\/li><\/ul><\/figure>\n","protected":false},"excerpt":{"rendered":"<p>Entraineur et coach : Corentin Debliquy Salut \u00e0 tous, L&rsquo;\u00e9quipe P2 messieurs regroupe des joueurs en pleine progression et constitue l&rsquo;\u00e9quipe \u00ab\u00a0fanion\u00a0\u00bb du club. Depuis quelques ann\u00e9es maintenant, le noyau [&hellip;]<\/p>\n","protected":false},"author":1,"featured_media":0,"parent":0,"menu_order":0,"comment_status":"closed","ping_status":"closed","template":"","meta":{"footnotes":""},"class_list":["post-691","page","type-page","status-publish","hentry"],"_links":{"self":[{"href":"https:\/\/vcdbtournai.be\/index.php\/wp-json\/wp\/v2\/pages\/691","targetHints":{"allow":["GET"]}}],"collection":[{"href":"https:\/\/vcdbtournai.be\/index.php\/wp-json\/wp\/v2\/pages"}],"about":[{"href":"https:\/\/vcdbtournai.be\/index.php\/wp-json\/wp\/v2\/types\/page"}],"author":[{"embeddable":true,"href":"https:\/\/vcdbtournai.be\/index.php\/wp-json\/wp\/v2\/users\/1"}],"replies":[{"embeddable":true,"href":"https:\/\/vcdbtournai.be\/index.php\/wp-json\/wp\/v2\/comments?post=691"}],"version-history":[{"count":13,"href":"https:\/\/vcdbtournai.be\/index.php\/wp-json\/wp\/v2\/pages\/691\/revisions"}],"predecessor-version":[{"id":838,"href":"https:\/\/vcdbtournai.be\/index.php\/wp-json\/wp\/v2\/pages\/691\/revisions\/838"}],"wp:attachment":[{"href":"https:\/\/vcdbtournai.be\/index.php\/wp-json\/wp\/v2\/media?parent=691"}],"curies":[{"name":"wp","href":"https:\/\/api.w.org\/{rel}","templated":true}]}}