{"id":685,"date":"2020-11-29T12:03:50","date_gmt":"2020-11-29T11:03:50","guid":{"rendered":"http:\/\/vcdbtournai.be\/?page_id=685"},"modified":"2020-11-29T12:03:50","modified_gmt":"2020-11-29T11:03:50","slug":"nos-equipes","status":"publish","type":"page","link":"https:\/\/vcdbtournai.be\/index.php\/nos-equipes\/","title":{"rendered":"Nos \u00e9quipes"},"content":{"rendered":"\n<p>Club familial avant tout, le VCDB Tournai poss\u00e8de plusieurs \u00e9quipes qui \u00e9voluent dans des cat\u00e9gories diff\u00e9rentes<\/p>\n","protected":false},"excerpt":{"rendered":"<p>Club familial avant tout, le VCDB Tournai poss\u00e8de plusieurs \u00e9quipes qui \u00e9voluent dans des cat\u00e9gories diff\u00e9rentes<\/p>\n","protected":false},"author":1,"featured_media":0,"parent":0,"menu_order":0,"comment_status":"closed","ping_status":"closed","template":"","meta":{"footnotes":""},"class_list":["post-685","page","type-page","status-publish","hentry"],"_links":{"self":[{"href":"https:\/\/vcdbtournai.be\/index.php\/wp-json\/wp\/v2\/pages\/685","targetHints":{"allow":["GET"]}}],"collection":[{"href":"https:\/\/vcdbtournai.be\/index.php\/wp-json\/wp\/v2\/pages"}],"about":[{"href":"https:\/\/vcdbtournai.be\/index.php\/wp-json\/wp\/v2\/types\/page"}],"author":[{"embeddable":true,"href":"https:\/\/vcdbtournai.be\/index.php\/wp-json\/wp\/v2\/users\/1"}],"replies":[{"embeddable":true,"href":"https:\/\/vcdbtournai.be\/index.php\/wp-json\/wp\/v2\/comments?post=685"}],"version-history":[{"count":1,"href":"https:\/\/vcdbtournai.be\/index.php\/wp-json\/wp\/v2\/pages\/685\/revisions"}],"predecessor-version":[{"id":686,"href":"https:\/\/vcdbtournai.be\/index.php\/wp-json\/wp\/v2\/pages\/685\/revisions\/686"}],"wp:attachment":[{"href":"https:\/\/vcdbtournai.be\/index.php\/wp-json\/wp\/v2\/media?parent=685"}],"curies":[{"name":"wp","href":"https:\/\/api.w.org\/{rel}","templated":true}]}}