{"id":350,"date":"2020-11-29T17:12:52","date_gmt":"2020-11-29T16:12:52","guid":{"rendered":"http:\/\/vcdbtournai.be\/?page_id=350"},"modified":"2025-06-06T12:09:14","modified_gmt":"2025-06-06T10:09:14","slug":"nos-partenaires","status":"publish","type":"page","link":"https:\/\/vcdbtournai.be\/index.php\/nos-partenaires\/","title":{"rendered":"Partenaires"},"content":{"rendered":"<h1 style=\"text-align: center;\">Devenir partenaire<\/h1>\n<p style=\"text-align: left;\">Depuis plusieurs ann\u00e9es, notre club conna\u00eet une croissance tant quantitative que qualitative. Notre club connait une seconde jeunesse et ce n\u2019est certainement pas par hasard. Malheureusement, la conjoncture actuelle et les mesures sanitaires nus emp\u00eachent d&rsquo;organiser nos \u00e9v\u00e8nements traditionnels qui nous permettent de pouvoir contribuer au bien \u00eatre de nos joueurs et jeunes en leur offrant le maximum de ce qu&rsquo;un club sportif peut apporter.<\/p>\n<p>Le volley club Don Bosco Tournai ne peut continuer \u00e0 \u00e9voluer qu\u2019avec la participation de partenaires s\u00e9rieux et d\u00e9sireux de contribuer fi\u00e8rement au d\u00e9veloppement de notre club, de nos jeunes.<\/p>\n<p style=\"text-align: left;\"><strong>Alors si vous souhaitez devenir partenaire de notre club. <\/strong><\/p>\n<p style=\"text-align: left;\">Trouvons ensemble la meilleure fa\u00e7on de collaborer. Si vous y voyez un int\u00e9r\u00eat merci de nous \u00e9crire en cliquant ci-dessous:<\/p>\n<p style=\"text-align: left;\">\u00a0 \u00a0\u00a0 \u00a0\u00a0 \u00a0\u00a0 \u00a0\u00a0 \u00a0\u00a0 \u00a0\u00a0 \u00a0\u00a0 \u00a0\u00a0 \u00a0<a href=\"mailto:christian.decock.kine@gmail.com\"><b>\u00a0Nous envoyer un mail<\/b><\/a><\/p>\n<p style=\"text-align: left;\">Nous prendrons contact avec vous dans les plus brefs d\u00e9lais.<\/p>\n<p>Merci d&rsquo;avance,\u00a0Sportivement<\/p>\n<p>Le Club<\/p>\n<\/p>\n<div class=\"sppb-addon-content\">\n<hr \/>\n<h2 style=\"text-align: center;\"><strong>Nos partenaires<\/strong><\/h2>\n<p>Un Club sans ses partenaires ne serait rien, <strong>nous tenons \u00e0 remercier chaleureusement nos diff\u00e9rents partenaires<\/strong>\u00a0qui nous permettent de faire vivre notre Club.<\/p>\n<\/div>\n\n\n<figure class=\"wp-block-gallery has-nested-images columns-default wp-block-gallery-1 is-layout-flex wp-block-gallery-is-layout-flex\">\n<figure class=\"wp-block-image size-large\"><img loading=\"lazy\" decoding=\"async\" width=\"957\" height=\"1024\" data-id=\"623\" src=\"https:\/\/vcdbtournai.be\/wp-content\/uploads\/2020\/11\/Logo_FWB_Verti_Quadri-957x1024.jpg\" alt=\"\" class=\"wp-image-623\" srcset=\"https:\/\/vcdbtournai.be\/wp-content\/uploads\/2020\/11\/Logo_FWB_Verti_Quadri-957x1024.jpg 957w, https:\/\/vcdbtournai.be\/wp-content\/uploads\/2020\/11\/Logo_FWB_Verti_Quadri-280x300.jpg 280w, https:\/\/vcdbtournai.be\/wp-content\/uploads\/2020\/11\/Logo_FWB_Verti_Quadri-768x822.jpg 768w, https:\/\/vcdbtournai.be\/wp-content\/uploads\/2020\/11\/Logo_FWB_Verti_Quadri-1435x1536.jpg 1435w, https:\/\/vcdbtournai.be\/wp-content\/uploads\/2020\/11\/Logo_FWB_Verti_Quadri-1914x2048.jpg 1914w\" sizes=\"auto, (max-width: 957px) 100vw, 957px\" \/><figcaption class=\"wp-element-caption\"><a href=\"http:\/\/www.federation-wallonie-bruxelles.be\/\">http:\/\/www.federation-wallonie-bruxelles.be\/<\/a><\/figcaption><\/figure>\n\n\n\n<figure class=\"wp-block-image size-large\"><img loading=\"lazy\" decoding=\"async\" width=\"1024\" height=\"936\" data-id=\"589\" src=\"https:\/\/vcdbtournai.be\/wp-content\/uploads\/2020\/11\/logo-adeps-1024x936.jpg\" alt=\"\" class=\"wp-image-589\" srcset=\"https:\/\/vcdbtournai.be\/wp-content\/uploads\/2020\/11\/logo-adeps-1024x936.jpg 1024w, https:\/\/vcdbtournai.be\/wp-content\/uploads\/2020\/11\/logo-adeps-300x274.jpg 300w, https:\/\/vcdbtournai.be\/wp-content\/uploads\/2020\/11\/logo-adeps-768x702.jpg 768w, https:\/\/vcdbtournai.be\/wp-content\/uploads\/2020\/11\/logo-adeps-328x300.jpg 328w, https:\/\/vcdbtournai.be\/wp-content\/uploads\/2020\/11\/logo-adeps.jpg 1181w\" sizes=\"auto, (max-width: 1024px) 100vw, 1024px\" \/><figcaption class=\"wp-element-caption\"><a href=\"http:\/\/www.sport-adeps.be\/\">http:\/\/www.sport-adeps.be\/<\/a><\/figcaption><\/figure>\n\n\n\n<figure class=\"wp-block-image size-large\"><img loading=\"lazy\" decoding=\"async\" width=\"717\" height=\"1024\" data-id=\"631\" src=\"https:\/\/vcdbtournai.be\/wp-content\/uploads\/2020\/11\/Logo-Tournai-PNG-717x1024-1.png\" alt=\"\" class=\"wp-image-631\" srcset=\"https:\/\/vcdbtournai.be\/wp-content\/uploads\/2020\/11\/Logo-Tournai-PNG-717x1024-1.png 717w, https:\/\/vcdbtournai.be\/wp-content\/uploads\/2020\/11\/Logo-Tournai-PNG-717x1024-1-210x300.png 210w\" sizes=\"auto, (max-width: 717px) 100vw, 717px\" \/><figcaption class=\"wp-element-caption\"><a href=\"http:\/\/www.tournai.be\">http:\/\/www.tournai.be<\/a><\/figcaption><\/figure>\n\n\n\n<figure class=\"wp-block-image size-large\"><img loading=\"lazy\" decoding=\"async\" width=\"843\" height=\"296\" data-id=\"1596\" src=\"https:\/\/vcdbtournai.be\/wp-content\/uploads\/2025\/06\/Logo_VENTIS_energies_nouvelles_V2-removebg-preview.png\" alt=\"\" class=\"wp-image-1596\" srcset=\"https:\/\/vcdbtournai.be\/wp-content\/uploads\/2025\/06\/Logo_VENTIS_energies_nouvelles_V2-removebg-preview.png 843w, https:\/\/vcdbtournai.be\/wp-content\/uploads\/2025\/06\/Logo_VENTIS_energies_nouvelles_V2-removebg-preview-300x105.png 300w, https:\/\/vcdbtournai.be\/wp-content\/uploads\/2025\/06\/Logo_VENTIS_energies_nouvelles_V2-removebg-preview-768x270.png 768w\" sizes=\"auto, (max-width: 843px) 100vw, 843px\" \/><\/figure>\n\n\n\n<figure class=\"wp-block-image size-large\"><img loading=\"lazy\" decoding=\"async\" width=\"466\" height=\"193\" data-id=\"1598\" src=\"https:\/\/vcdbtournai.be\/wp-content\/uploads\/2025\/06\/Logo_NPS-removebg-preview.png\" alt=\"\" class=\"wp-image-1598\" srcset=\"https:\/\/vcdbtournai.be\/wp-content\/uploads\/2025\/06\/Logo_NPS-removebg-preview.png 466w, https:\/\/vcdbtournai.be\/wp-content\/uploads\/2025\/06\/Logo_NPS-removebg-preview-300x124.png 300w\" sizes=\"auto, (max-width: 466px) 100vw, 466px\" \/><\/figure>\n\n\n\n<figure class=\"wp-block-image size-large\"><img loading=\"lazy\" decoding=\"async\" width=\"826\" height=\"302\" data-id=\"1599\" src=\"https:\/\/vcdbtournai.be\/wp-content\/uploads\/2025\/06\/LOGO_EKSTENSION_2008-removebg-preview.png\" alt=\"\" class=\"wp-image-1599\" srcset=\"https:\/\/vcdbtournai.be\/wp-content\/uploads\/2025\/06\/LOGO_EKSTENSION_2008-removebg-preview.png 826w, https:\/\/vcdbtournai.be\/wp-content\/uploads\/2025\/06\/LOGO_EKSTENSION_2008-removebg-preview-300x110.png 300w, https:\/\/vcdbtournai.be\/wp-content\/uploads\/2025\/06\/LOGO_EKSTENSION_2008-removebg-preview-768x281.png 768w\" sizes=\"auto, (max-width: 826px) 100vw, 826px\" \/><\/figure>\n\n\n\n<figure class=\"wp-block-image size-large\"><img loading=\"lazy\" decoding=\"async\" width=\"949\" height=\"1024\" data-id=\"1601\" src=\"https:\/\/vcdbtournai.be\/wp-content\/uploads\/2025\/06\/Capture-decran-2025-06-06-a-12.08.44-949x1024.png\" alt=\"\" class=\"wp-image-1601\" srcset=\"https:\/\/vcdbtournai.be\/wp-content\/uploads\/2025\/06\/Capture-decran-2025-06-06-a-12.08.44-949x1024.png 949w, https:\/\/vcdbtournai.be\/wp-content\/uploads\/2025\/06\/Capture-decran-2025-06-06-a-12.08.44-278x300.png 278w, https:\/\/vcdbtournai.be\/wp-content\/uploads\/2025\/06\/Capture-decran-2025-06-06-a-12.08.44-768x829.png 768w, https:\/\/vcdbtournai.be\/wp-content\/uploads\/2025\/06\/Capture-decran-2025-06-06-a-12.08.44.png 1064w\" sizes=\"auto, (max-width: 949px) 100vw, 949px\" \/><\/figure>\n\n\n\n<figure class=\"wp-block-image size-large\"><img loading=\"lazy\" decoding=\"async\" width=\"488\" height=\"396\" data-id=\"1600\" src=\"https:\/\/vcdbtournai.be\/wp-content\/uploads\/2025\/06\/Capture_d_ecran_2024-09-11_a_21.03.30-removebg-preview.png\" alt=\"\" class=\"wp-image-1600\" srcset=\"https:\/\/vcdbtournai.be\/wp-content\/uploads\/2025\/06\/Capture_d_ecran_2024-09-11_a_21.03.30-removebg-preview.png 488w, https:\/\/vcdbtournai.be\/wp-content\/uploads\/2025\/06\/Capture_d_ecran_2024-09-11_a_21.03.30-removebg-preview-300x243.png 300w\" sizes=\"auto, (max-width: 488px) 100vw, 488px\" \/><\/figure>\n<\/figure>\n\n\n\n<p><\/p>\n","protected":false},"excerpt":{"rendered":"<p>Devenir partenaire Depuis plusieurs ann\u00e9es, notre club conna\u00eet une croissance tant quantitative que qualitative. Notre club connait une seconde jeunesse et ce n\u2019est certainement pas par hasard. Malheureusement, la conjoncture [&hellip;]<\/p>\n","protected":false},"author":1,"featured_media":0,"parent":0,"menu_order":0,"comment_status":"closed","ping_status":"closed","template":"","meta":{"footnotes":""},"class_list":["post-350","page","type-page","status-publish","hentry"],"_links":{"self":[{"href":"https:\/\/vcdbtournai.be\/index.php\/wp-json\/wp\/v2\/pages\/350","targetHints":{"allow":["GET"]}}],"collection":[{"href":"https:\/\/vcdbtournai.be\/index.php\/wp-json\/wp\/v2\/pages"}],"about":[{"href":"https:\/\/vcdbtournai.be\/index.php\/wp-json\/wp\/v2\/types\/page"}],"author":[{"embeddable":true,"href":"https:\/\/vcdbtournai.be\/index.php\/wp-json\/wp\/v2\/users\/1"}],"replies":[{"embeddable":true,"href":"https:\/\/vcdbtournai.be\/index.php\/wp-json\/wp\/v2\/comments?post=350"}],"version-history":[{"count":17,"href":"https:\/\/vcdbtournai.be\/index.php\/wp-json\/wp\/v2\/pages\/350\/revisions"}],"predecessor-version":[{"id":1602,"href":"https:\/\/vcdbtournai.be\/index.php\/wp-json\/wp\/v2\/pages\/350\/revisions\/1602"}],"wp:attachment":[{"href":"https:\/\/vcdbtournai.be\/index.php\/wp-json\/wp\/v2\/media?parent=350"}],"curies":[{"name":"wp","href":"https:\/\/api.w.org\/{rel}","templated":true}]}}