{"id":313,"date":"2020-11-25T12:29:47","date_gmt":"2020-11-25T11:29:47","guid":{"rendered":"http:\/\/vcdbtournai.be\/?page_id=313"},"modified":"2021-02-16T14:16:42","modified_gmt":"2021-02-16T13:16:42","slug":"nos-anciens","status":"publish","type":"page","link":"https:\/\/vcdbtournai.be\/index.php\/nos-anciens\/","title":{"rendered":"Nos anciens"},"content":{"rendered":"\n<p>Ils ont \u00e9t\u00e9 form\u00e9s dans notre club Don Bosco ou ils nous ont renforc\u00e9 par leur pr\u00e9sence. Certains continuent leur aventure volley-ball dans d&rsquo;autres clubs.  Nous sommes fiers de leur progression et de leur parcours depuis leur passage chez nous.<\/p>\n\n\n\n<p>D\u00e9couvrez via les onglets leur nouveau challenge volley.<\/p>\n","protected":false},"excerpt":{"rendered":"<p>Ils ont \u00e9t\u00e9 form\u00e9s dans notre club Don Bosco ou ils nous ont renforc\u00e9 par leur pr\u00e9sence. Certains continuent leur aventure volley-ball dans d&rsquo;autres clubs. Nous sommes fiers de leur [&hellip;]<\/p>\n","protected":false},"author":1,"featured_media":0,"parent":0,"menu_order":0,"comment_status":"closed","ping_status":"closed","template":"","meta":{"footnotes":""},"class_list":["post-313","page","type-page","status-publish","hentry"],"_links":{"self":[{"href":"https:\/\/vcdbtournai.be\/index.php\/wp-json\/wp\/v2\/pages\/313","targetHints":{"allow":["GET"]}}],"collection":[{"href":"https:\/\/vcdbtournai.be\/index.php\/wp-json\/wp\/v2\/pages"}],"about":[{"href":"https:\/\/vcdbtournai.be\/index.php\/wp-json\/wp\/v2\/types\/page"}],"author":[{"embeddable":true,"href":"https:\/\/vcdbtournai.be\/index.php\/wp-json\/wp\/v2\/users\/1"}],"replies":[{"embeddable":true,"href":"https:\/\/vcdbtournai.be\/index.php\/wp-json\/wp\/v2\/comments?post=313"}],"version-history":[{"count":2,"href":"https:\/\/vcdbtournai.be\/index.php\/wp-json\/wp\/v2\/pages\/313\/revisions"}],"predecessor-version":[{"id":883,"href":"https:\/\/vcdbtournai.be\/index.php\/wp-json\/wp\/v2\/pages\/313\/revisions\/883"}],"wp:attachment":[{"href":"https:\/\/vcdbtournai.be\/index.php\/wp-json\/wp\/v2\/media?parent=313"}],"curies":[{"name":"wp","href":"https:\/\/api.w.org\/{rel}","templated":true}]}}