{"id":265,"date":"2020-11-25T11:28:32","date_gmt":"2020-11-25T10:28:32","guid":{"rendered":"http:\/\/vcdbtournai.be\/?page_id=265"},"modified":"2025-06-06T11:51:46","modified_gmt":"2025-06-06T09:51:46","slug":"nos-entrainements","status":"publish","type":"page","link":"https:\/\/vcdbtournai.be\/index.php\/nos-entrainements\/","title":{"rendered":"Nos entrainements"},"content":{"rendered":"\n<p><strong>Les entra\u00eenements : <\/strong>Cette ann\u00e9e des petits changements ont eu lieu. Les entra\u00eenements se d\u00e9rouleront dans deux salles diff\u00e9rentes pour certaines de nos \u00e9quipes. <\/p>\n\n\n\n<ol class=\"wp-block-list\">\n<li>La salle de sport \u00e0 Don Bosco qui se trouve \u00e0 la rue des Augustins 37, 7500 \u00e0 Tournai. <\/li>\n\n\n\n<li>La salle de sport \u00e0 Saint-Luc. Un nouveau b\u00e2timent qui vient d&rsquo;\u00eatre inaugur\u00e9 sous le nom \u00ab\u00a0La salle\u00a0\u00bb qui se trouve \u00e0 la Chauss\u00e9e de Tournai 7, 7520 \u00e0 Ramegnies-chin.<\/li>\n<\/ol>\n\n\n\n<p><\/p>\n\n\n\n<p><strong>\u00e0 Don Bosco : <\/strong>               <\/p>\n\n\n\n<div class=\"wp-block-columns is-layout-flex wp-container-core-columns-is-layout-1 wp-block-columns-is-layout-flex\">\n<div class=\"wp-block-column is-layout-flow wp-block-column-is-layout-flow\" style=\"flex-basis:100%\">\n<div class=\"wp-block-group\"><div class=\"wp-block-group__inner-container is-layout-constrained wp-block-group-is-layout-constrained\">\n<figure class=\"wp-block-table\"><table class=\"has-fixed-layout\"><tbody><tr><td class=\"has-text-align-center\" data-align=\"center\"><strong>Le mardi : <\/strong><\/td><td class=\"has-text-align-center\" data-align=\"center\"><strong>Le jeudi : <\/strong><\/td><\/tr><tr><td class=\"has-text-align-center\" data-align=\"center\">\u00c9quipe des jeunes : 18h00 \u00e0 19h30<br>\u00c9quipe dames P3 : 18h00 \u00e0 20h00<br>\u00c9quipe dames P4 : 18h30 \u00e0 20h00<br>\u00c9quipe messieurs P3 : 18h30 \u00e0 20h00<br>\u00c9quipe dames P2 : 19h00 \u00e0 21h00<br>\u00c9quipe messieurs P2 : 19h30 \u00e0 21h30<\/td><td class=\"has-text-align-center\" data-align=\"center\">Psychomotricit\u00e9 : de 17h30 \u00e0 18h30<br>\u00c9quipe des jeunes : 18h00 \u00e0 19h30<br>\u00c9quipe dames P4 : 18h00 \u00e0 19h30<br>\u00c9quipe messieurs P3 : 18h30 \u00e0 20h00<br>\u00c9quipe dames P2 : 19h15 \u00e0 20h45<\/td><\/tr><\/tbody><\/table><\/figure>\n<\/div><\/div>\n<\/div>\n<\/div>\n\n\n\n<p><\/p>\n\n\n\n<figure class=\"wp-block-gallery aligncenter has-nested-images columns-3 is-cropped wp-block-gallery-1 is-layout-flex wp-block-gallery-is-layout-flex\">\n<figure class=\"wp-block-image size-large\"><img loading=\"lazy\" decoding=\"async\" width=\"1024\" height=\"674\" data-id=\"1310\" src=\"https:\/\/vcdbtournai.be\/wp-content\/uploads\/2023\/09\/Capture-decran-2023-09-19-a-11.04.46-2-1024x674.png\" alt=\"\" class=\"wp-image-1310\" srcset=\"https:\/\/vcdbtournai.be\/wp-content\/uploads\/2023\/09\/Capture-decran-2023-09-19-a-11.04.46-2-1024x674.png 1024w, https:\/\/vcdbtournai.be\/wp-content\/uploads\/2023\/09\/Capture-decran-2023-09-19-a-11.04.46-2-300x198.png 300w, https:\/\/vcdbtournai.be\/wp-content\/uploads\/2023\/09\/Capture-decran-2023-09-19-a-11.04.46-2-768x506.png 768w, https:\/\/vcdbtournai.be\/wp-content\/uploads\/2023\/09\/Capture-decran-2023-09-19-a-11.04.46-2.png 1470w\" sizes=\"auto, (max-width: 1024px) 100vw, 1024px\" \/><\/figure>\n\n\n\n<figure class=\"wp-block-image size-large\"><img loading=\"lazy\" decoding=\"async\" width=\"1024\" height=\"682\" data-id=\"1312\" src=\"https:\/\/vcdbtournai.be\/wp-content\/uploads\/2023\/09\/Capture-decran-2023-09-19-a-11.04.26-2-1024x682.png\" alt=\"\" class=\"wp-image-1312\" srcset=\"https:\/\/vcdbtournai.be\/wp-content\/uploads\/2023\/09\/Capture-decran-2023-09-19-a-11.04.26-2-1024x682.png 1024w, https:\/\/vcdbtournai.be\/wp-content\/uploads\/2023\/09\/Capture-decran-2023-09-19-a-11.04.26-2-300x200.png 300w, https:\/\/vcdbtournai.be\/wp-content\/uploads\/2023\/09\/Capture-decran-2023-09-19-a-11.04.26-2-768x512.png 768w, https:\/\/vcdbtournai.be\/wp-content\/uploads\/2023\/09\/Capture-decran-2023-09-19-a-11.04.26-2.png 1468w\" sizes=\"auto, (max-width: 1024px) 100vw, 1024px\" \/><\/figure>\n\n\n\n<figure class=\"wp-block-image size-large\"><img loading=\"lazy\" decoding=\"async\" width=\"1024\" height=\"621\" data-id=\"1311\" src=\"https:\/\/vcdbtournai.be\/wp-content\/uploads\/2023\/09\/Capture-decran-2023-09-19-a-11.05.01-2-1024x621.png\" alt=\"\" class=\"wp-image-1311\" srcset=\"https:\/\/vcdbtournai.be\/wp-content\/uploads\/2023\/09\/Capture-decran-2023-09-19-a-11.05.01-2-1024x621.png 1024w, https:\/\/vcdbtournai.be\/wp-content\/uploads\/2023\/09\/Capture-decran-2023-09-19-a-11.05.01-2-300x182.png 300w, https:\/\/vcdbtournai.be\/wp-content\/uploads\/2023\/09\/Capture-decran-2023-09-19-a-11.05.01-2-768x466.png 768w, https:\/\/vcdbtournai.be\/wp-content\/uploads\/2023\/09\/Capture-decran-2023-09-19-a-11.05.01-2.png 1464w\" sizes=\"auto, (max-width: 1024px) 100vw, 1024px\" \/><\/figure>\n\n\n\n<figure class=\"wp-block-image size-large\"><img loading=\"lazy\" decoding=\"async\" width=\"1024\" height=\"576\" data-id=\"1309\" src=\"https:\/\/vcdbtournai.be\/wp-content\/uploads\/2023\/09\/Capture-decran-2023-09-19-a-11.09.43-1-1024x576.png\" alt=\"\" class=\"wp-image-1309\" srcset=\"https:\/\/vcdbtournai.be\/wp-content\/uploads\/2023\/09\/Capture-decran-2023-09-19-a-11.09.43-1-1024x576.png 1024w, https:\/\/vcdbtournai.be\/wp-content\/uploads\/2023\/09\/Capture-decran-2023-09-19-a-11.09.43-1-300x169.png 300w, https:\/\/vcdbtournai.be\/wp-content\/uploads\/2023\/09\/Capture-decran-2023-09-19-a-11.09.43-1-768x432.png 768w, https:\/\/vcdbtournai.be\/wp-content\/uploads\/2023\/09\/Capture-decran-2023-09-19-a-11.09.43-1.png 1454w\" sizes=\"auto, (max-width: 1024px) 100vw, 1024px\" \/><figcaption class=\"wp-element-caption\">Don Bosco<\/figcaption><\/figure>\n<\/figure>\n\n\n\n<p><\/p>\n\n\n\n<p><strong>\u00e0 Saint-luc :<\/strong><\/p>\n\n\n\n<ul class=\"wp-block-list\">\n<li>Equipe dames P3 : Le vendredi de 18h30 \u00e0 20h<\/li>\n\n\n\n<li>Equipe messieurs P2 : Le vendredi de 18h30 \u00e0 20h<\/li>\n<\/ul>\n\n\n\n<p><\/p>\n\n\n\n<figure class=\"wp-block-gallery has-nested-images columns-default is-cropped wp-block-gallery-2 is-layout-flex wp-block-gallery-is-layout-flex\">\n<figure class=\"wp-block-image size-large\"><img loading=\"lazy\" decoding=\"async\" width=\"1024\" height=\"462\" data-id=\"1298\" src=\"https:\/\/vcdbtournai.be\/wp-content\/uploads\/2023\/09\/367715884_10232047119860215_1871581396367454295_n-2-1024x462.jpg\" alt=\"\" class=\"wp-image-1298\" srcset=\"https:\/\/vcdbtournai.be\/wp-content\/uploads\/2023\/09\/367715884_10232047119860215_1871581396367454295_n-2-1024x462.jpg 1024w, https:\/\/vcdbtournai.be\/wp-content\/uploads\/2023\/09\/367715884_10232047119860215_1871581396367454295_n-2-300x135.jpg 300w, https:\/\/vcdbtournai.be\/wp-content\/uploads\/2023\/09\/367715884_10232047119860215_1871581396367454295_n-2-768x346.jpg 768w, https:\/\/vcdbtournai.be\/wp-content\/uploads\/2023\/09\/367715884_10232047119860215_1871581396367454295_n-2-1536x692.jpg 1536w, https:\/\/vcdbtournai.be\/wp-content\/uploads\/2023\/09\/367715884_10232047119860215_1871581396367454295_n-2.jpg 2048w\" sizes=\"auto, (max-width: 1024px) 100vw, 1024px\" \/><\/figure>\n\n\n\n<figure class=\"wp-block-image size-large\"><img loading=\"lazy\" decoding=\"async\" width=\"1024\" height=\"462\" data-id=\"1299\" src=\"https:\/\/vcdbtournai.be\/wp-content\/uploads\/2023\/09\/357086143_10231680457893895_2303802782042270277_n-2-1024x462.jpg\" alt=\"\" class=\"wp-image-1299\" srcset=\"https:\/\/vcdbtournai.be\/wp-content\/uploads\/2023\/09\/357086143_10231680457893895_2303802782042270277_n-2-1024x462.jpg 1024w, https:\/\/vcdbtournai.be\/wp-content\/uploads\/2023\/09\/357086143_10231680457893895_2303802782042270277_n-2-300x135.jpg 300w, https:\/\/vcdbtournai.be\/wp-content\/uploads\/2023\/09\/357086143_10231680457893895_2303802782042270277_n-2-768x346.jpg 768w, https:\/\/vcdbtournai.be\/wp-content\/uploads\/2023\/09\/357086143_10231680457893895_2303802782042270277_n-2-1536x692.jpg 1536w, https:\/\/vcdbtournai.be\/wp-content\/uploads\/2023\/09\/357086143_10231680457893895_2303802782042270277_n-2.jpg 2048w\" sizes=\"auto, (max-width: 1024px) 100vw, 1024px\" \/><\/figure>\n\n\n\n<figure class=\"wp-block-image size-large\"><img loading=\"lazy\" decoding=\"async\" width=\"1024\" height=\"462\" data-id=\"1300\" src=\"https:\/\/vcdbtournai.be\/wp-content\/uploads\/2023\/09\/368679368_10232047122900291_6681799576532083122_n-2-1024x462.jpg\" alt=\"\" class=\"wp-image-1300\" srcset=\"https:\/\/vcdbtournai.be\/wp-content\/uploads\/2023\/09\/368679368_10232047122900291_6681799576532083122_n-2-1024x462.jpg 1024w, https:\/\/vcdbtournai.be\/wp-content\/uploads\/2023\/09\/368679368_10232047122900291_6681799576532083122_n-2-300x135.jpg 300w, https:\/\/vcdbtournai.be\/wp-content\/uploads\/2023\/09\/368679368_10232047122900291_6681799576532083122_n-2-768x346.jpg 768w, https:\/\/vcdbtournai.be\/wp-content\/uploads\/2023\/09\/368679368_10232047122900291_6681799576532083122_n-2-1536x692.jpg 1536w, https:\/\/vcdbtournai.be\/wp-content\/uploads\/2023\/09\/368679368_10232047122900291_6681799576532083122_n-2.jpg 2048w\" sizes=\"auto, (max-width: 1024px) 100vw, 1024px\" \/><\/figure>\n\n\n\n<figure class=\"wp-block-image size-large\"><img loading=\"lazy\" decoding=\"async\" width=\"1024\" height=\"462\" data-id=\"1297\" src=\"https:\/\/vcdbtournai.be\/wp-content\/uploads\/2023\/09\/357484374_10231680460293955_2937100367642433829_n-2-1024x462.jpg\" alt=\"\" class=\"wp-image-1297\" srcset=\"https:\/\/vcdbtournai.be\/wp-content\/uploads\/2023\/09\/357484374_10231680460293955_2937100367642433829_n-2-1024x462.jpg 1024w, https:\/\/vcdbtournai.be\/wp-content\/uploads\/2023\/09\/357484374_10231680460293955_2937100367642433829_n-2-300x135.jpg 300w, https:\/\/vcdbtournai.be\/wp-content\/uploads\/2023\/09\/357484374_10231680460293955_2937100367642433829_n-2-768x346.jpg 768w, https:\/\/vcdbtournai.be\/wp-content\/uploads\/2023\/09\/357484374_10231680460293955_2937100367642433829_n-2-1536x692.jpg 1536w, https:\/\/vcdbtournai.be\/wp-content\/uploads\/2023\/09\/357484374_10231680460293955_2937100367642433829_n-2.jpg 2048w\" sizes=\"auto, (max-width: 1024px) 100vw, 1024px\" \/><figcaption class=\"wp-element-caption\">Saint-Luc<\/figcaption><\/figure>\n<\/figure>\n","protected":false},"excerpt":{"rendered":"<p>Les entra\u00eenements : Cette ann\u00e9e des petits changements ont eu lieu. Les entra\u00eenements se d\u00e9rouleront dans deux salles diff\u00e9rentes pour certaines de nos \u00e9quipes. \u00e0 Don Bosco : Le mardi [&hellip;]<\/p>\n","protected":false},"author":1,"featured_media":0,"parent":0,"menu_order":0,"comment_status":"closed","ping_status":"closed","template":"","meta":{"footnotes":""},"class_list":["post-265","page","type-page","status-publish","hentry"],"_links":{"self":[{"href":"https:\/\/vcdbtournai.be\/index.php\/wp-json\/wp\/v2\/pages\/265","targetHints":{"allow":["GET"]}}],"collection":[{"href":"https:\/\/vcdbtournai.be\/index.php\/wp-json\/wp\/v2\/pages"}],"about":[{"href":"https:\/\/vcdbtournai.be\/index.php\/wp-json\/wp\/v2\/types\/page"}],"author":[{"embeddable":true,"href":"https:\/\/vcdbtournai.be\/index.php\/wp-json\/wp\/v2\/users\/1"}],"replies":[{"embeddable":true,"href":"https:\/\/vcdbtournai.be\/index.php\/wp-json\/wp\/v2\/comments?post=265"}],"version-history":[{"count":25,"href":"https:\/\/vcdbtournai.be\/index.php\/wp-json\/wp\/v2\/pages\/265\/revisions"}],"predecessor-version":[{"id":1584,"href":"https:\/\/vcdbtournai.be\/index.php\/wp-json\/wp\/v2\/pages\/265\/revisions\/1584"}],"wp:attachment":[{"href":"https:\/\/vcdbtournai.be\/index.php\/wp-json\/wp\/v2\/media?parent=265"}],"curies":[{"name":"wp","href":"https:\/\/api.w.org\/{rel}","templated":true}]}}