{"id":1680,"date":"2026-01-14T17:36:03","date_gmt":"2026-01-14T16:36:03","guid":{"rendered":"https:\/\/vcdbtournai.be\/?page_id=1680"},"modified":"2026-01-29T18:48:10","modified_gmt":"2026-01-29T17:48:10","slug":"psychomotricite","status":"publish","type":"page","link":"https:\/\/vcdbtournai.be\/index.php\/psychomotricite\/","title":{"rendered":"Psychomotricit\u00e9"},"content":{"rendered":"\n<p><strong><mark style=\"background-color:rgba(0, 0, 0, 0)\" class=\"has-inline-color has-medium-gray-color\"><strong><mark style=\"background-color:rgba(0, 0, 0, 0)\" class=\"has-inline-color has-medium-gray-color\">Psychomotricienne<\/mark><\/strong><\/mark><\/strong> : Lucie Juste<\/p>\n\n\n\n<p><strong>Tarif : <\/strong>60\u20ac pour 10 s\u00e9ances. Une s\u00e9ance d\u00e9couverte est offerte.<\/p>\n\n\n\n<figure class=\"wp-block-gallery has-nested-images columns-default is-cropped wp-block-gallery-1 is-layout-flex wp-block-gallery-is-layout-flex\">\n<figure class=\"wp-block-image size-large\"><img loading=\"lazy\" decoding=\"async\" width=\"819\" height=\"1024\" data-id=\"1705\" src=\"https:\/\/vcdbtournai.be\/wp-content\/uploads\/2026\/01\/Le-Volley-Don-Bosco-Tournai-2-1-819x1024.png\" alt=\"\" class=\"wp-image-1705\" srcset=\"https:\/\/vcdbtournai.be\/wp-content\/uploads\/2026\/01\/Le-Volley-Don-Bosco-Tournai-2-1-819x1024.png 819w, https:\/\/vcdbtournai.be\/wp-content\/uploads\/2026\/01\/Le-Volley-Don-Bosco-Tournai-2-1-240x300.png 240w, https:\/\/vcdbtournai.be\/wp-content\/uploads\/2026\/01\/Le-Volley-Don-Bosco-Tournai-2-1-768x960.png 768w, https:\/\/vcdbtournai.be\/wp-content\/uploads\/2026\/01\/Le-Volley-Don-Bosco-Tournai-2-1.png 1080w\" sizes=\"auto, (max-width: 819px) 100vw, 819px\" \/><\/figure>\n\n\n\n<figure class=\"wp-block-image size-large\"><img loading=\"lazy\" decoding=\"async\" width=\"819\" height=\"1024\" data-id=\"1704\" src=\"https:\/\/vcdbtournai.be\/wp-content\/uploads\/2026\/01\/2-819x1024.png\" alt=\"\" class=\"wp-image-1704\" srcset=\"https:\/\/vcdbtournai.be\/wp-content\/uploads\/2026\/01\/2-819x1024.png 819w, https:\/\/vcdbtournai.be\/wp-content\/uploads\/2026\/01\/2-240x300.png 240w, https:\/\/vcdbtournai.be\/wp-content\/uploads\/2026\/01\/2-768x960.png 768w, https:\/\/vcdbtournai.be\/wp-content\/uploads\/2026\/01\/2.png 1080w\" sizes=\"auto, (max-width: 819px) 100vw, 819px\" \/><\/figure>\n<\/figure>\n\n\n\n<figure class=\"wp-block-gallery has-nested-images columns-default is-cropped wp-block-gallery-2 is-layout-flex wp-block-gallery-is-layout-flex\">\n<figure class=\"wp-block-image size-large\"><img loading=\"lazy\" decoding=\"async\" width=\"1024\" height=\"768\" data-id=\"1707\" src=\"https:\/\/vcdbtournai.be\/wp-content\/uploads\/2026\/01\/Unknown-9-1024x768.jpg\" alt=\"\" class=\"wp-image-1707\" srcset=\"https:\/\/vcdbtournai.be\/wp-content\/uploads\/2026\/01\/Unknown-9-1024x768.jpg 1024w, https:\/\/vcdbtournai.be\/wp-content\/uploads\/2026\/01\/Unknown-9-300x225.jpg 300w, https:\/\/vcdbtournai.be\/wp-content\/uploads\/2026\/01\/Unknown-9-768x576.jpg 768w, https:\/\/vcdbtournai.be\/wp-content\/uploads\/2026\/01\/Unknown-9-1536x1152.jpg 1536w, https:\/\/vcdbtournai.be\/wp-content\/uploads\/2026\/01\/Unknown-9.jpg 2048w\" sizes=\"auto, (max-width: 1024px) 100vw, 1024px\" \/><\/figure>\n\n\n\n<figure class=\"wp-block-image size-large\"><img loading=\"lazy\" decoding=\"async\" width=\"768\" height=\"1024\" data-id=\"1709\" src=\"https:\/\/vcdbtournai.be\/wp-content\/uploads\/2026\/01\/Unknown-768x1024.jpg\" alt=\"\" class=\"wp-image-1709\" srcset=\"https:\/\/vcdbtournai.be\/wp-content\/uploads\/2026\/01\/Unknown-768x1024.jpg 768w, https:\/\/vcdbtournai.be\/wp-content\/uploads\/2026\/01\/Unknown-225x300.jpg 225w, https:\/\/vcdbtournai.be\/wp-content\/uploads\/2026\/01\/Unknown-1152x1536.jpg 1152w, https:\/\/vcdbtournai.be\/wp-content\/uploads\/2026\/01\/Unknown.jpg 1536w\" sizes=\"auto, (max-width: 768px) 100vw, 768px\" \/><\/figure>\n\n\n\n<figure class=\"wp-block-image size-large\"><img loading=\"lazy\" decoding=\"async\" width=\"768\" height=\"1024\" data-id=\"1710\" src=\"https:\/\/vcdbtournai.be\/wp-content\/uploads\/2026\/01\/617525552_877200625269461_3210709303962701938_n-768x1024.jpg\" alt=\"\" class=\"wp-image-1710\" srcset=\"https:\/\/vcdbtournai.be\/wp-content\/uploads\/2026\/01\/617525552_877200625269461_3210709303962701938_n-768x1024.jpg 768w, https:\/\/vcdbtournai.be\/wp-content\/uploads\/2026\/01\/617525552_877200625269461_3210709303962701938_n-225x300.jpg 225w, https:\/\/vcdbtournai.be\/wp-content\/uploads\/2026\/01\/617525552_877200625269461_3210709303962701938_n-1152x1536.jpg 1152w, https:\/\/vcdbtournai.be\/wp-content\/uploads\/2026\/01\/617525552_877200625269461_3210709303962701938_n.jpg 1536w\" sizes=\"auto, (max-width: 768px) 100vw, 768px\" \/><\/figure>\n\n\n\n<figure class=\"wp-block-image size-large\"><img loading=\"lazy\" decoding=\"async\" width=\"1024\" height=\"768\" data-id=\"1712\" src=\"https:\/\/vcdbtournai.be\/wp-content\/uploads\/2026\/01\/Unknown-5-1024x768.jpg\" alt=\"\" class=\"wp-image-1712\" srcset=\"https:\/\/vcdbtournai.be\/wp-content\/uploads\/2026\/01\/Unknown-5-1024x768.jpg 1024w, https:\/\/vcdbtournai.be\/wp-content\/uploads\/2026\/01\/Unknown-5-300x225.jpg 300w, https:\/\/vcdbtournai.be\/wp-content\/uploads\/2026\/01\/Unknown-5-768x576.jpg 768w, https:\/\/vcdbtournai.be\/wp-content\/uploads\/2026\/01\/Unknown-5-1536x1152.jpg 1536w, https:\/\/vcdbtournai.be\/wp-content\/uploads\/2026\/01\/Unknown-5.jpg 2048w\" sizes=\"auto, (max-width: 1024px) 100vw, 1024px\" \/><\/figure>\n\n\n\n<figure class=\"wp-block-image size-large\"><img loading=\"lazy\" decoding=\"async\" width=\"768\" height=\"1024\" data-id=\"1711\" src=\"https:\/\/vcdbtournai.be\/wp-content\/uploads\/2026\/01\/615028341_1577649659933602_960275121794467776_n-768x1024.jpg\" alt=\"\" class=\"wp-image-1711\" srcset=\"https:\/\/vcdbtournai.be\/wp-content\/uploads\/2026\/01\/615028341_1577649659933602_960275121794467776_n-768x1024.jpg 768w, https:\/\/vcdbtournai.be\/wp-content\/uploads\/2026\/01\/615028341_1577649659933602_960275121794467776_n-225x300.jpg 225w, https:\/\/vcdbtournai.be\/wp-content\/uploads\/2026\/01\/615028341_1577649659933602_960275121794467776_n-1152x1536.jpg 1152w, https:\/\/vcdbtournai.be\/wp-content\/uploads\/2026\/01\/615028341_1577649659933602_960275121794467776_n.jpg 1536w\" sizes=\"auto, (max-width: 768px) 100vw, 768px\" \/><\/figure>\n\n\n\n<figure class=\"wp-block-image size-large\"><img loading=\"lazy\" decoding=\"async\" width=\"768\" height=\"1024\" data-id=\"1713\" src=\"https:\/\/vcdbtournai.be\/wp-content\/uploads\/2026\/01\/Unknown-7-768x1024.jpg\" alt=\"\" class=\"wp-image-1713\" srcset=\"https:\/\/vcdbtournai.be\/wp-content\/uploads\/2026\/01\/Unknown-7-768x1024.jpg 768w, https:\/\/vcdbtournai.be\/wp-content\/uploads\/2026\/01\/Unknown-7-225x300.jpg 225w, https:\/\/vcdbtournai.be\/wp-content\/uploads\/2026\/01\/Unknown-7-1152x1536.jpg 1152w, https:\/\/vcdbtournai.be\/wp-content\/uploads\/2026\/01\/Unknown-7.jpg 1536w\" sizes=\"auto, (max-width: 768px) 100vw, 768px\" \/><\/figure>\n\n\n\n<figure class=\"wp-block-image size-large\"><img loading=\"lazy\" decoding=\"async\" width=\"1024\" height=\"768\" data-id=\"1708\" src=\"https:\/\/vcdbtournai.be\/wp-content\/uploads\/2026\/01\/Unknown-4-1024x768.jpg\" alt=\"\" class=\"wp-image-1708\" srcset=\"https:\/\/vcdbtournai.be\/wp-content\/uploads\/2026\/01\/Unknown-4-1024x768.jpg 1024w, https:\/\/vcdbtournai.be\/wp-content\/uploads\/2026\/01\/Unknown-4-300x225.jpg 300w, https:\/\/vcdbtournai.be\/wp-content\/uploads\/2026\/01\/Unknown-4-768x576.jpg 768w, https:\/\/vcdbtournai.be\/wp-content\/uploads\/2026\/01\/Unknown-4-1536x1152.jpg 1536w, https:\/\/vcdbtournai.be\/wp-content\/uploads\/2026\/01\/Unknown-4.jpg 2048w\" sizes=\"auto, (max-width: 1024px) 100vw, 1024px\" \/><\/figure>\n<\/figure>\n","protected":false},"excerpt":{"rendered":"<p>Psychomotricienne : Lucie Juste Tarif : 60\u20ac pour 10 s\u00e9ances. Une s\u00e9ance d\u00e9couverte est offerte.<\/p>\n","protected":false},"author":1,"featured_media":0,"parent":0,"menu_order":0,"comment_status":"closed","ping_status":"closed","template":"","meta":{"footnotes":""},"class_list":["post-1680","page","type-page","status-publish","hentry"],"_links":{"self":[{"href":"https:\/\/vcdbtournai.be\/index.php\/wp-json\/wp\/v2\/pages\/1680","targetHints":{"allow":["GET"]}}],"collection":[{"href":"https:\/\/vcdbtournai.be\/index.php\/wp-json\/wp\/v2\/pages"}],"about":[{"href":"https:\/\/vcdbtournai.be\/index.php\/wp-json\/wp\/v2\/types\/page"}],"author":[{"embeddable":true,"href":"https:\/\/vcdbtournai.be\/index.php\/wp-json\/wp\/v2\/users\/1"}],"replies":[{"embeddable":true,"href":"https:\/\/vcdbtournai.be\/index.php\/wp-json\/wp\/v2\/comments?post=1680"}],"version-history":[{"count":6,"href":"https:\/\/vcdbtournai.be\/index.php\/wp-json\/wp\/v2\/pages\/1680\/revisions"}],"predecessor-version":[{"id":1715,"href":"https:\/\/vcdbtournai.be\/index.php\/wp-json\/wp\/v2\/pages\/1680\/revisions\/1715"}],"wp:attachment":[{"href":"https:\/\/vcdbtournai.be\/index.php\/wp-json\/wp\/v2\/media?parent=1680"}],"curies":[{"name":"wp","href":"https:\/\/api.w.org\/{rel}","templated":true}]}}